{"id":1572,"date":"2021-02-05T12:00:18","date_gmt":"2021-02-05T11:00:18","guid":{"rendered":"https:\/\/www.47annodomini.it\/buoni-regalo"},"modified":"2022-01-27T12:51:08","modified_gmt":"2022-01-27T11:51:08","slug":"carte-cadeau","status":"publish","type":"page","link":"https:\/\/www.47annodomini.it\/fr\/carte-cadeau","title":{"rendered":"CARTE-CADEAU"},"content":{"rendered":"\t\t<div data-elementor-type=\"wp-page\" data-elementor-id=\"1572\" class=\"elementor elementor-1572 elementor-170\" data-elementor-settings=\"[]\">\n\t\t\t\t\t\t<div class=\"elementor-inner\">\n\t\t\t\t\t\t\t<div class=\"elementor-section-wrap\">\n\t\t\t\t\t\t\t<section class=\"elementor-section elementor-top-section elementor-element elementor-element-4e8a1a3 elementor-section-content-middle elementor-section-boxed elementor-section-height-default elementor-section-height-default\" data-id=\"4e8a1a3\" data-element_type=\"section\">\n\t\t\t\t\t\t<div class=\"elementor-container elementor-column-gap-default\">\n\t\t\t\t\t\t\t<div class=\"elementor-row\">\n\t\t\t\t\t<div class=\"elementor-column elementor-col-50 elementor-top-column elementor-element elementor-element-fe9fb32\" data-id=\"fe9fb32\" data-element_type=\"column\">\n\t\t\t<div class=\"elementor-column-wrap elementor-element-populated\">\n\t\t\t\t\t\t\t<div class=\"elementor-widget-wrap\">\n\t\t\t\t\t\t<div class=\"elementor-element elementor-element-ab37b82 elementor-widget elementor-widget-image\" data-id=\"ab37b82\" data-element_type=\"widget\" data-widget_type=\"image.default\">\n\t\t\t\t<div class=\"elementor-widget-container\">\n\t\t\t\t\t<div class=\"elementor-image\">\n\t\t\t\t\t\t\t\t\t\t<img width=\"654\" height=\"402\" src=\"https:\/\/www.47annodomini.it\/images\/2021\/04\/buoni_regalo.jpg\" class=\"attachment-full size-full\" alt=\"\" loading=\"lazy\" srcset=\"https:\/\/www.47annodomini.it\/images\/2021\/04\/buoni_regalo.jpg 654w, https:\/\/www.47annodomini.it\/images\/2021\/04\/buoni_regalo-300x184.jpg 300w\" sizes=\"(max-width: 654px) 100vw, 654px\" \/>\t\t\t\t\t\t\t\t\t\t\t<\/div>\n\t\t\t\t<\/div>\n\t\t\t\t<\/div>\n\t\t\t\t\t\t<\/div>\n\t\t\t\t\t<\/div>\n\t\t<\/div>\n\t\t\t\t<div class=\"elementor-column elementor-col-50 elementor-top-column elementor-element elementor-element-5031e93\" data-id=\"5031e93\" data-element_type=\"column\">\n\t\t\t<div class=\"elementor-column-wrap elementor-element-populated\">\n\t\t\t\t\t\t\t<div class=\"elementor-widget-wrap\">\n\t\t\t\t\t\t<div class=\"elementor-element elementor-element-2f5817b elementor-widget elementor-widget-text-editor\" data-id=\"2f5817b\" data-element_type=\"widget\" data-widget_type=\"text-editor.default\">\n\t\t\t\t<div class=\"elementor-widget-container\">\n\t\t\t\t\t<div class=\"elementor-text-editor elementor-clearfix\"><p>Des possibilit\u00e9s infinies de cadeaux, toutes contenues dans une petite carte.<br \/><em>Offrez-la \u00e0 la personne de votre choix<\/em>, pour qu\u2019elle puisse choisir parmi les vins les nombreux <em>tr\u00e9sors de notre production<\/em>.<\/p><\/div>\n\t\t\t\t<\/div>\n\t\t\t\t<\/div>\n\t\t\t\t\t\t<\/div>\n\t\t\t\t\t<\/div>\n\t\t<\/div>\n\t\t\t\t\t\t\t\t<\/div>\n\t\t\t\t\t<\/div>\n\t\t<\/section>\n\t\t\t\t<section class=\"elementor-section elementor-top-section elementor-element elementor-element-22a07b6 elementor-section-boxed elementor-section-height-default elementor-section-height-default\" data-id=\"22a07b6\" data-element_type=\"section\">\n\t\t\t\t\t\t<div class=\"elementor-container elementor-column-gap-default\">\n\t\t\t\t\t\t\t<div class=\"elementor-row\">\n\t\t\t\t\t<div class=\"elementor-column elementor-col-50 elementor-top-column elementor-element elementor-element-017cff3\" data-id=\"017cff3\" data-element_type=\"column\">\n\t\t\t<div class=\"elementor-column-wrap\">\n\t\t\t\t\t\t\t<div class=\"elementor-widget-wrap\">\n\t\t\t\t\t\t\t\t<\/div>\n\t\t\t\t\t<\/div>\n\t\t<\/div>\n\t\t\t\t<div class=\"elementor-column elementor-col-50 elementor-top-column elementor-element elementor-element-6a64c89\" data-id=\"6a64c89\" data-element_type=\"column\">\n\t\t\t<div class=\"elementor-column-wrap elementor-element-populated\">\n\t\t\t\t\t\t\t<div class=\"elementor-widget-wrap\">\n\t\t\t\t\t\t<div class=\"elementor-element elementor-element-64a5a61 elementor-widget elementor-widget-html\" data-id=\"64a5a61\" data-element_type=\"widget\" data-widget_type=\"html.default\">\n\t\t\t\t<div class=\"elementor-widget-container\">\n\t\t\t<div class=\"ps-block-link left\"><div><a href=\"\/shop\/it\/gift-cards\"><div class=\"ps-bl-container\"><p>ACHETEZ NOS BONS CADEAUX<\/p><\/div><div class=\"right-arrow\"><\/div><\/a><\/div><\/div>\t\t<\/div>\n\t\t\t\t<\/div>\n\t\t\t\t\t\t<\/div>\n\t\t\t\t\t<\/div>\n\t\t<\/div>\n\t\t\t\t\t\t\t\t<\/div>\n\t\t\t\t\t<\/div>\n\t\t<\/section>\n\t\t\t\t\t\t<\/div>\n\t\t\t\t\t\t<\/div>\n\t\t\t\t\t<\/div>\n\t\t","protected":false},"excerpt":{"rendered":"<p>Des possibilit\u00e9s infinies de cadeaux, toutes contenues dans une petite carte. Offrez-la \u00e0 la personne de votre choix, pour qu\u2019elle puisse choisir parmi les vins les nombreux tr\u00e9sors de notre production. ACHETEZ NOS BONS CADEAUX<\/p>\n","protected":false},"author":1,"featured_media":0,"parent":0,"menu_order":0,"comment_status":"closed","ping_status":"closed","template":"","meta":[],"yoast_head":"<!-- This site is optimized with the Yoast SEO plugin v15.9.2 - https:\/\/yoast.com\/wordpress\/plugins\/seo\/ -->\n<title>CARTE-CADEAU - 47 Anno Domini<\/title>\n<meta name=\"description\" content=\"Des possibilit\u00e9s de cadeaux infinies, le tout enferm\u00e9 dans une petite carte. Donnez-le \u00e0 qui vous voulez, afin qu&#039;il puisse choisir les nombreux d\u00e9lices parmi les vins...\" \/>\n<link rel=\"canonical\" href=\"https:\/\/www.47annodomini.it\/fr\/carte-cadeau\" \/>\n<meta property=\"og:locale\" content=\"fr_FR\" \/>\n<meta property=\"og:type\" content=\"article\" \/>\n<meta property=\"og:title\" content=\"CARTE-CADEAU - 47 Anno Domini\" \/>\n<meta property=\"og:description\" content=\"Des possibilit\u00e9s de cadeaux infinies, le tout enferm\u00e9 dans une petite carte. Donnez-le \u00e0 qui vous voulez, afin qu&#039;il puisse choisir les nombreux d\u00e9lices parmi les vins...\" \/>\n<meta property=\"og:url\" content=\"https:\/\/www.47annodomini.it\/fr\/carte-cadeau\" \/>\n<meta property=\"og:site_name\" content=\"47 Anno Domini\" \/>\n<meta property=\"article:modified_time\" content=\"2022-01-27T11:51:08+00:00\" \/>\n<meta property=\"og:image\" content=\"https:\/\/www.47annodomini.it\/images\/2021\/04\/buoni_regalo.jpg\" \/>\n<meta name=\"twitter:card\" content=\"summary_large_image\" \/>\n<meta name=\"twitter:label1\" content=\"Dur\u00e9e de lecture est.\">\n\t<meta name=\"twitter:data1\" content=\"1 minute\">\n<script type=\"application\/ld+json\" class=\"yoast-schema-graph\">{\"@context\":\"https:\/\/schema.org\",\"@graph\":[{\"@type\":\"WebSite\",\"@id\":\"https:\/\/www.47annodomini.it\/#website\",\"url\":\"https:\/\/www.47annodomini.it\/\",\"name\":\"47 Anno Domini\",\"description\":\"Vinicola Tombacco\",\"potentialAction\":[{\"@type\":\"SearchAction\",\"target\":\"https:\/\/www.47annodomini.it\/?s={search_term_string}\",\"query-input\":\"required name=search_term_string\"}],\"inLanguage\":\"fr-FR\"},{\"@type\":\"ImageObject\",\"@id\":\"https:\/\/www.47annodomini.it\/fr\/carte-cadeau#primaryimage\",\"inLanguage\":\"fr-FR\",\"url\":\"https:\/\/www.47annodomini.it\/images\/2021\/04\/buoni_regalo.jpg\",\"width\":654,\"height\":402},{\"@type\":\"WebPage\",\"@id\":\"https:\/\/www.47annodomini.it\/fr\/carte-cadeau#webpage\",\"url\":\"https:\/\/www.47annodomini.it\/fr\/carte-cadeau\",\"name\":\"CARTE-CADEAU - 47 Anno Domini\",\"isPartOf\":{\"@id\":\"https:\/\/www.47annodomini.it\/#website\"},\"primaryImageOfPage\":{\"@id\":\"https:\/\/www.47annodomini.it\/fr\/carte-cadeau#primaryimage\"},\"datePublished\":\"2021-02-05T11:00:18+00:00\",\"dateModified\":\"2022-01-27T11:51:08+00:00\",\"description\":\"Des possibilit\\u00e9s de cadeaux infinies, le tout enferm\\u00e9 dans une petite carte. Donnez-le \\u00e0 qui vous voulez, afin qu'il puisse choisir les nombreux d\\u00e9lices parmi les vins...\",\"breadcrumb\":{\"@id\":\"https:\/\/www.47annodomini.it\/fr\/carte-cadeau#breadcrumb\"},\"inLanguage\":\"fr-FR\",\"potentialAction\":[{\"@type\":\"ReadAction\",\"target\":[\"https:\/\/www.47annodomini.it\/fr\/carte-cadeau\"]}]},{\"@type\":\"BreadcrumbList\",\"@id\":\"https:\/\/www.47annodomini.it\/fr\/carte-cadeau#breadcrumb\",\"itemListElement\":[{\"@type\":\"ListItem\",\"position\":1,\"item\":{\"@type\":\"WebPage\",\"@id\":\"https:\/\/www.47annodomini.it\/\",\"url\":\"https:\/\/www.47annodomini.it\/\",\"name\":\"Home\"}},{\"@type\":\"ListItem\",\"position\":2,\"item\":{\"@type\":\"WebPage\",\"@id\":\"https:\/\/www.47annodomini.it\/fr\/carte-cadeau\",\"url\":\"https:\/\/www.47annodomini.it\/fr\/carte-cadeau\",\"name\":\"CARTE-CADEAU\"}}]}]}<\/script>\n<!-- \/ Yoast SEO plugin. -->","_links":{"self":[{"href":"https:\/\/www.47annodomini.it\/fr\/wp-json\/wp\/v2\/pages\/1572"}],"collection":[{"href":"https:\/\/www.47annodomini.it\/fr\/wp-json\/wp\/v2\/pages"}],"about":[{"href":"https:\/\/www.47annodomini.it\/fr\/wp-json\/wp\/v2\/types\/page"}],"author":[{"embeddable":true,"href":"https:\/\/www.47annodomini.it\/fr\/wp-json\/wp\/v2\/users\/1"}],"replies":[{"embeddable":true,"href":"https:\/\/www.47annodomini.it\/fr\/wp-json\/wp\/v2\/comments?post=1572"}],"version-history":[{"count":0,"href":"https:\/\/www.47annodomini.it\/fr\/wp-json\/wp\/v2\/pages\/1572\/revisions"}],"wp:attachment":[{"href":"https:\/\/www.47annodomini.it\/fr\/wp-json\/wp\/v2\/media?parent=1572"}],"curies":[{"name":"wp","href":"https:\/\/api.w.org\/{rel}","templated":true}]}}