{"id":1629,"date":"2021-05-20T16:01:37","date_gmt":"2021-05-20T14:01:37","guid":{"rendered":"https:\/\/www.47annodomini.it\/histoires\/le-argille-cabernet-di-cabernet"},"modified":"2022-01-27T12:44:09","modified_gmt":"2022-01-27T11:44:09","slug":"le-argille-cabernet-di-cabernet","status":"publish","type":"page","link":"https:\/\/www.47annodomini.it\/fr\/histoires\/le-argille-cabernet-di-cabernet","title":{"rendered":"Le Argille, Cabernet di Cabernet"},"content":{"rendered":"\t\t<div data-elementor-type=\"wp-page\" data-elementor-id=\"1629\" class=\"elementor elementor-1629 elementor-902\" data-elementor-settings=\"[]\">\n\t\t\t\t\t\t<div class=\"elementor-inner\">\n\t\t\t\t\t\t\t<div class=\"elementor-section-wrap\">\n\t\t\t\t\t\t\t<section class=\"elementor-section elementor-top-section elementor-element elementor-element-ef55503 elementor-section-full_width elementor-section-height-default elementor-section-height-default\" data-id=\"ef55503\" data-element_type=\"section\" data-settings=\"{&quot;background_background&quot;:&quot;classic&quot;}\">\n\t\t\t\t\t\t<div class=\"elementor-container elementor-column-gap-no\">\n\t\t\t\t\t\t\t<div class=\"elementor-row\">\n\t\t\t\t\t<div class=\"elementor-column elementor-col-100 elementor-top-column elementor-element elementor-element-1dc7414\" data-id=\"1dc7414\" data-element_type=\"column\">\n\t\t\t<div class=\"elementor-column-wrap elementor-element-populated\">\n\t\t\t\t\t\t\t<div class=\"elementor-widget-wrap\">\n\t\t\t\t\t\t<div class=\"elementor-element elementor-element-5749611 elementor-widget elementor-widget-image\" data-id=\"5749611\" data-element_type=\"widget\" data-widget_type=\"image.default\">\n\t\t\t\t<div class=\"elementor-widget-container\">\n\t\t\t\t\t<div class=\"elementor-image\">\n\t\t\t\t\t\t\t\t\t\t<img width=\"1920\" height=\"990\" src=\"https:\/\/www.47annodomini.it\/images\/2021\/05\/argille-stories-header.jpg\" class=\"attachment-full size-full\" alt=\"\" loading=\"lazy\" srcset=\"https:\/\/www.47annodomini.it\/images\/2021\/05\/argille-stories-header.jpg 1920w, https:\/\/www.47annodomini.it\/images\/2021\/05\/argille-stories-header-300x155.jpg 300w, https:\/\/www.47annodomini.it\/images\/2021\/05\/argille-stories-header-1024x528.jpg 1024w, https:\/\/www.47annodomini.it\/images\/2021\/05\/argille-stories-header-768x396.jpg 768w, https:\/\/www.47annodomini.it\/images\/2021\/05\/argille-stories-header-1536x792.jpg 1536w\" sizes=\"(max-width: 1920px) 100vw, 1920px\" \/>\t\t\t\t\t\t\t\t\t\t\t<\/div>\n\t\t\t\t<\/div>\n\t\t\t\t<\/div>\n\t\t\t\t<section class=\"elementor-section elementor-inner-section elementor-element elementor-element-af918d7 elementor-section-boxed elementor-section-height-default elementor-section-height-default\" data-id=\"af918d7\" data-element_type=\"section\">\n\t\t\t\t\t\t<div class=\"elementor-container elementor-column-gap-default\">\n\t\t\t\t\t\t\t<div class=\"elementor-row\">\n\t\t\t\t\t<div class=\"elementor-column elementor-col-50 elementor-inner-column elementor-element elementor-element-d902cd2\" data-id=\"d902cd2\" data-element_type=\"column\">\n\t\t\t<div class=\"elementor-column-wrap elementor-element-populated\">\n\t\t\t\t\t\t\t<div class=\"elementor-widget-wrap\">\n\t\t\t\t\t\t<div class=\"elementor-element elementor-element-36c309c elementor-widget elementor-widget-heading\" data-id=\"36c309c\" data-element_type=\"widget\" data-widget_type=\"heading.default\">\n\t\t\t\t<div class=\"elementor-widget-container\">\n\t\t\t<h1 class=\"elementor-heading-title elementor-size-default\">Le Argille, Cabernet di Cabernet<\/h1>\t\t<\/div>\n\t\t\t\t<\/div>\n\t\t\t\t\t\t<\/div>\n\t\t\t\t\t<\/div>\n\t\t<\/div>\n\t\t\t\t<div class=\"elementor-column elementor-col-50 elementor-inner-column elementor-element elementor-element-cf1afd7\" data-id=\"cf1afd7\" data-element_type=\"column\">\n\t\t\t<div class=\"elementor-column-wrap\">\n\t\t\t\t\t\t\t<div class=\"elementor-widget-wrap\">\n\t\t\t\t\t\t\t\t<\/div>\n\t\t\t\t\t<\/div>\n\t\t<\/div>\n\t\t\t\t\t\t\t\t<\/div>\n\t\t\t\t\t<\/div>\n\t\t<\/section>\n\t\t\t\t\t\t<\/div>\n\t\t\t\t\t<\/div>\n\t\t<\/div>\n\t\t\t\t\t\t\t\t<\/div>\n\t\t\t\t\t<\/div>\n\t\t<\/section>\n\t\t\t\t<section class=\"elementor-section elementor-top-section elementor-element elementor-element-bd6ed13 elementor-section-boxed elementor-section-height-default elementor-section-height-default\" data-id=\"bd6ed13\" data-element_type=\"section\" data-settings=\"{&quot;background_background&quot;:&quot;classic&quot;}\">\n\t\t\t\t\t\t<div class=\"elementor-container elementor-column-gap-default\">\n\t\t\t\t\t\t\t<div class=\"elementor-row\">\n\t\t\t\t\t<div class=\"elementor-column elementor-col-100 elementor-top-column elementor-element elementor-element-4608e1d\" data-id=\"4608e1d\" data-element_type=\"column\">\n\t\t\t<div class=\"elementor-column-wrap elementor-element-populated\">\n\t\t\t\t\t\t\t<div class=\"elementor-widget-wrap\">\n\t\t\t\t\t\t<div class=\"elementor-element elementor-element-5f095bd elementor-widget elementor-widget-text-editor\" data-id=\"5f095bd\" data-element_type=\"widget\" data-widget_type=\"text-editor.default\">\n\t\t\t\t<div class=\"elementor-widget-container\">\n\t\t\t\t\t<div class=\"elementor-text-editor elementor-clearfix\"><p><span style=\"font-weight: 400;\">Fort, important, unique, vieilli dans des cuves en b\u00e9ton pendant deux ans, immacul\u00e9 et sans interf\u00e9rences aromatiques dues au bois, il garde ainsi son caract\u00e8re unique et son go\u00fbt chaleureux, \u00e9l\u00e9gant et m\u00fbr.<\/span><\/p><\/div>\n\t\t\t\t<\/div>\n\t\t\t\t<\/div>\n\t\t\t\t<div class=\"elementor-element elementor-element-cb3aad7 elementor-widget elementor-widget-text-editor\" data-id=\"cb3aad7\" data-element_type=\"widget\" data-widget_type=\"text-editor.default\">\n\t\t\t\t<div class=\"elementor-widget-container\">\n\t\t\t\t\t<div class=\"elementor-text-editor elementor-clearfix\"><p><span style=\"font-weight: 400;\">Le vin Le Argille est le fruit d\u2019une histoire que mon p\u00e8re me racontait : dans les ann\u00e9es 1970, il avait achet\u00e9 une cave dans la province de Tr\u00e9vise o\u00f9 il avait trouv\u00e9 des vins dans des cuves en b\u00e9ton pas pleines. Normalement, ces vins auraient d\u00fb se transformer en vinaigre, mais en r\u00e9alit\u00e9, les vins \u00e9taient frais, fruit\u00e9s et en excellent \u00e9tat. Cette histoire a \u00e9veill\u00e9 ma curiosit\u00e9, m\u2019a amen\u00e9 \u00e0 faire des recherches et \u00e0 d\u00e9couvrir que la conservation et la maturation des vins dans des cuves en b\u00e9ton \u00e9tait une tradition ancienne de la V\u00e9n\u00e9tie. Pour produire Le Argille, nous commen\u00e7ons par la culture du raisin. Le fait de produire une faible quantit\u00e9 par hectare nous permet d\u2019obtenir un vin cors\u00e9, tr\u00e8s riche et alcoolis\u00e9.<\/span><\/p><p><span style=\"font-weight: 400;\">La caract\u00e9ristique unique du Cabernet di Cabernet Le Argille est sa maturation particuli\u00e8re dans des cuves en b\u00e9ton. C\u2019est pourquoi, du point de vue de l\u2019emballage, nous avons voulu recouvrir la bouteille avec du b\u00e9ton et fermer le bouchon avec de la cire \u00e0 cacheter, tout le travail \u00e9tant fait \u00e0 la main.<\/span><\/p><p><span style=\"font-weight: 400;\">Notre Cabernet di Cabernet Le Argille a sa propre sp\u00e9cificit\u00e9 au moment de la d\u00e9gustation, en bouche on retrouve un vin puissant, profond, chaleureux. Il s\u2019adresse \u00e0 un consommateur averti mais aussi \u00e0 un consommateur d\u00e9butant car c\u2019est un vin qui est simple, malgr\u00e9 sa grande importance, ce n\u2019est pas un vin \u00e0 interpr\u00e9ter, c\u2019est un vin \u00e0 d\u00e9guster.<\/span><\/p><\/div>\n\t\t\t\t<\/div>\n\t\t\t\t<\/div>\n\t\t\t\t\t\t<\/div>\n\t\t\t\t\t<\/div>\n\t\t<\/div>\n\t\t\t\t\t\t\t\t<\/div>\n\t\t\t\t\t<\/div>\n\t\t<\/section>\n\t\t\t\t<section class=\"elementor-section elementor-top-section elementor-element elementor-element-fb8b2ed elementor-section-full_width elementor-section-height-default elementor-section-height-default\" data-id=\"fb8b2ed\" data-element_type=\"section\" data-settings=\"{&quot;background_background&quot;:&quot;classic&quot;}\">\n\t\t\t\t\t\t<div class=\"elementor-container elementor-column-gap-no\">\n\t\t\t\t\t\t\t<div class=\"elementor-row\">\n\t\t\t\t\t<div class=\"elementor-column elementor-col-100 elementor-top-column elementor-element elementor-element-ef5b9db\" data-id=\"ef5b9db\" data-element_type=\"column\">\n\t\t\t<div class=\"elementor-column-wrap elementor-element-populated\">\n\t\t\t\t\t\t\t<div class=\"elementor-widget-wrap\">\n\t\t\t\t\t\t<div class=\"elementor-element elementor-element-763d656 elementor-pagination-position-outside elementor-widget elementor-widget-image-carousel\" data-id=\"763d656\" data-element_type=\"widget\" data-settings=\"{&quot;slides_to_show&quot;:&quot;3&quot;,&quot;slides_to_scroll&quot;:&quot;1&quot;,&quot;navigation&quot;:&quot;dots&quot;,&quot;autoplay&quot;:&quot;yes&quot;,&quot;pause_on_hover&quot;:&quot;yes&quot;,&quot;pause_on_interaction&quot;:&quot;yes&quot;,&quot;autoplay_speed&quot;:5000,&quot;infinite&quot;:&quot;yes&quot;,&quot;speed&quot;:500}\" data-widget_type=\"image-carousel.default\">\n\t\t\t\t<div class=\"elementor-widget-container\">\n\t\t\t\t\t<div class=\"elementor-image-carousel-wrapper swiper-container\" dir=\"ltr\">\n\t\t\t<div class=\"elementor-image-carousel swiper-wrapper swiper-image-stretch\">\n\t\t\t\t<div class=\"swiper-slide\"><figure class=\"swiper-slide-inner\"><img class=\"swiper-slide-image\" src=\"https:\/\/www.47annodomini.it\/images\/2021\/05\/le-argille-cabernet-di-cabernet_1.jpg\" alt=\"le-argille-cabernet-di-cabernet_1\" \/><\/figure><\/div><div class=\"swiper-slide\"><figure class=\"swiper-slide-inner\"><img class=\"swiper-slide-image\" src=\"https:\/\/www.47annodomini.it\/images\/2021\/05\/le-argille-cabernet-di-cabernet_2.jpg\" alt=\"le-argille-cabernet-di-cabernet_2\" \/><\/figure><\/div><div class=\"swiper-slide\"><figure class=\"swiper-slide-inner\"><img class=\"swiper-slide-image\" src=\"https:\/\/www.47annodomini.it\/images\/2021\/05\/le-argille-cabernet-di-cabernet_3.jpg\" alt=\"le-argille-cabernet-di-cabernet_3\" \/><\/figure><\/div>\t\t\t<\/div>\n\t\t\t\t\t\t\t\t\t\t\t\t<div class=\"swiper-pagination\"><\/div>\n\t\t\t\t\t\t\t\t\t\t\t\t\t<\/div>\n\t\t\t\t<\/div>\n\t\t\t\t<\/div>\n\t\t\t\t\t\t<\/div>\n\t\t\t\t\t<\/div>\n\t\t<\/div>\n\t\t\t\t\t\t\t\t<\/div>\n\t\t\t\t\t<\/div>\n\t\t<\/section>\n\t\t\t\t\t\t<\/div>\n\t\t\t\t\t\t<\/div>\n\t\t\t\t\t<\/div>\n\t\t","protected":false},"excerpt":{"rendered":"<p>Le Argille, Cabernet di Cabernet Fort, important, unique, vieilli dans des cuves en b\u00e9ton pendant deux ans, immacul\u00e9 et sans interf\u00e9rences aromatiques dues au bois, il garde ainsi son caract\u00e8re unique et son go\u00fbt chaleureux, \u00e9l\u00e9gant et m\u00fbr. Le vin Le Argille est le fruit d\u2019une histoire que mon p\u00e8re me racontait : dans les [&hellip;]<\/p>\n","protected":false},"author":2,"featured_media":0,"parent":1587,"menu_order":0,"comment_status":"closed","ping_status":"closed","template":"full-width.php","meta":[],"yoast_head":"<!-- This site is optimized with the Yoast SEO plugin v15.9.2 - https:\/\/yoast.com\/wordpress\/plugins\/seo\/ -->\n<title>Le Argille, Cabernet di Cabernet - 47 Anno Domini<\/title>\n<meta name=\"description\" content=\"Fort, important, unique, il vieillit en f\u00fbts de b\u00e9ton pendant deux ans, immacul\u00e9 et sans interf\u00e9rence aromatique du f\u00fbt, afin de garder intacte sa singularit\u00e9.\" \/>\n<link rel=\"canonical\" href=\"https:\/\/www.47annodomini.it\/fr\/stories\/le-argille-cabernet-di-cabernet\" \/>\n<meta property=\"og:locale\" content=\"fr_FR\" \/>\n<meta property=\"og:type\" content=\"article\" \/>\n<meta property=\"og:title\" content=\"Le Argille, Cabernet di Cabernet - 47 Anno Domini\" \/>\n<meta property=\"og:description\" content=\"Fort, important, unique, il vieillit en f\u00fbts de b\u00e9ton pendant deux ans, immacul\u00e9 et sans interf\u00e9rence aromatique du f\u00fbt, afin de garder intacte sa singularit\u00e9.\" \/>\n<meta property=\"og:url\" content=\"https:\/\/www.47annodomini.it\/stories\/le-argille-cabernet-di-cabernet\" \/>\n<meta property=\"og:site_name\" content=\"47 Anno Domini\" \/>\n<meta property=\"article:modified_time\" content=\"2022-01-27T11:44:09+00:00\" \/>\n<meta property=\"og:image\" content=\"https:\/\/www.47annodomini.it\/images\/2021\/05\/argille-stories-header.jpg\" \/>\n<meta name=\"twitter:card\" content=\"summary_large_image\" \/>\n<meta name=\"twitter:label1\" content=\"Dur\u00e9e de lecture est.\">\n\t<meta name=\"twitter:data1\" content=\"3 minutes\">\n<script type=\"application\/ld+json\" class=\"yoast-schema-graph\">{\"@context\":\"https:\/\/schema.org\",\"@graph\":[{\"@type\":\"WebSite\",\"@id\":\"https:\/\/www.47annodomini.it\/#website\",\"url\":\"https:\/\/www.47annodomini.it\/\",\"name\":\"47 Anno Domini\",\"description\":\"Vinicola Tombacco\",\"potentialAction\":[{\"@type\":\"SearchAction\",\"target\":\"https:\/\/www.47annodomini.it\/?s={search_term_string}\",\"query-input\":\"required name=search_term_string\"}],\"inLanguage\":\"fr-FR\"},{\"@type\":\"ImageObject\",\"@id\":\"https:\/\/www.47annodomini.it\/stories\/le-argille-cabernet-di-cabernet#primaryimage\",\"inLanguage\":\"fr-FR\",\"url\":\"https:\/\/www.47annodomini.it\/images\/2021\/05\/argille-stories-header.jpg\",\"width\":1920,\"height\":990},{\"@type\":\"WebPage\",\"@id\":\"https:\/\/www.47annodomini.it\/stories\/le-argille-cabernet-di-cabernet#webpage\",\"url\":\"https:\/\/www.47annodomini.it\/stories\/le-argille-cabernet-di-cabernet\",\"name\":\"Le Argille, Cabernet di Cabernet - 47 Anno Domini\",\"isPartOf\":{\"@id\":\"https:\/\/www.47annodomini.it\/#website\"},\"primaryImageOfPage\":{\"@id\":\"https:\/\/www.47annodomini.it\/stories\/le-argille-cabernet-di-cabernet#primaryimage\"},\"datePublished\":\"2021-05-20T14:01:37+00:00\",\"dateModified\":\"2022-01-27T11:44:09+00:00\",\"description\":\"Fort, important, unique, il vieillit en f\\u00fbts de b\\u00e9ton pendant deux ans, immacul\\u00e9 et sans interf\\u00e9rence aromatique du f\\u00fbt, afin de garder intacte sa singularit\\u00e9.\",\"breadcrumb\":{\"@id\":\"https:\/\/www.47annodomini.it\/stories\/le-argille-cabernet-di-cabernet#breadcrumb\"},\"inLanguage\":\"fr-FR\",\"potentialAction\":[{\"@type\":\"ReadAction\",\"target\":[\"https:\/\/www.47annodomini.it\/stories\/le-argille-cabernet-di-cabernet\"]}]},{\"@type\":\"BreadcrumbList\",\"@id\":\"https:\/\/www.47annodomini.it\/stories\/le-argille-cabernet-di-cabernet#breadcrumb\",\"itemListElement\":[{\"@type\":\"ListItem\",\"position\":1,\"item\":{\"@type\":\"WebPage\",\"@id\":\"https:\/\/www.47annodomini.it\/\",\"url\":\"https:\/\/www.47annodomini.it\/\",\"name\":\"Home\"}},{\"@type\":\"ListItem\",\"position\":2,\"item\":{\"@type\":\"WebPage\",\"@id\":\"https:\/\/www.47annodomini.it\/stories\",\"url\":\"https:\/\/www.47annodomini.it\/stories\",\"name\":\"Histoires\"}},{\"@type\":\"ListItem\",\"position\":3,\"item\":{\"@type\":\"WebPage\",\"@id\":\"https:\/\/www.47annodomini.it\/stories\/le-argille-cabernet-di-cabernet\",\"url\":\"https:\/\/www.47annodomini.it\/stories\/le-argille-cabernet-di-cabernet\",\"name\":\"Le Argille, Cabernet di Cabernet\"}}]}]}<\/script>\n<!-- \/ Yoast SEO plugin. -->","_links":{"self":[{"href":"https:\/\/www.47annodomini.it\/fr\/wp-json\/wp\/v2\/pages\/1629"}],"collection":[{"href":"https:\/\/www.47annodomini.it\/fr\/wp-json\/wp\/v2\/pages"}],"about":[{"href":"https:\/\/www.47annodomini.it\/fr\/wp-json\/wp\/v2\/types\/page"}],"author":[{"embeddable":true,"href":"https:\/\/www.47annodomini.it\/fr\/wp-json\/wp\/v2\/users\/2"}],"replies":[{"embeddable":true,"href":"https:\/\/www.47annodomini.it\/fr\/wp-json\/wp\/v2\/comments?post=1629"}],"version-history":[{"count":0,"href":"https:\/\/www.47annodomini.it\/fr\/wp-json\/wp\/v2\/pages\/1629\/revisions"}],"up":[{"embeddable":true,"href":"https:\/\/www.47annodomini.it\/fr\/wp-json\/wp\/v2\/pages\/1587"}],"wp:attachment":[{"href":"https:\/\/www.47annodomini.it\/fr\/wp-json\/wp\/v2\/media?parent=1629"}],"curies":[{"name":"wp","href":"https:\/\/api.w.org\/{rel}","templated":true}]}}