{"id":1757,"date":"2021-02-12T13:21:03","date_gmt":"2021-02-12T12:21:03","guid":{"rendered":"https:\/\/www.47annodomini.it\/news"},"modified":"2022-01-27T13:31:43","modified_gmt":"2022-01-27T12:31:43","slug":"news","status":"publish","type":"page","link":"https:\/\/www.47annodomini.it\/fr\/news","title":{"rendered":"News"},"content":{"rendered":"\t\t<div data-elementor-type=\"wp-page\" data-elementor-id=\"1757\" class=\"elementor elementor-1757 elementor-223\" data-elementor-settings=\"[]\">\n\t\t\t\t\t\t<div class=\"elementor-inner\">\n\t\t\t\t\t\t\t<div class=\"elementor-section-wrap\">\n\t\t\t\t\t\t\t<section class=\"elementor-section elementor-top-section elementor-element elementor-element-f822d01 elementor-section-boxed elementor-section-height-default elementor-section-height-default\" data-id=\"f822d01\" data-element_type=\"section\">\n\t\t\t\t\t\t<div class=\"elementor-container elementor-column-gap-default\">\n\t\t\t\t\t\t\t<div class=\"elementor-row\">\n\t\t\t\t\t<div class=\"elementor-column elementor-col-100 elementor-top-column elementor-element elementor-element-2b88a4c\" data-id=\"2b88a4c\" data-element_type=\"column\">\n\t\t\t<div class=\"elementor-column-wrap elementor-element-populated\">\n\t\t\t\t\t\t\t<div class=\"elementor-widget-wrap\">\n\t\t\t\t\t\t<div class=\"elementor-element elementor-element-539ba30 elementor-widget elementor-widget-heading\" data-id=\"539ba30\" data-element_type=\"widget\" data-widget_type=\"heading.default\">\n\t\t\t\t<div class=\"elementor-widget-container\">\n\t\t\t<p class=\"elementor-heading-title elementor-size-default\">Vous trouverez ici toutes les nouveaut\u00e9s de notre domaine. Expositions, conf\u00e9rences, concerts, d\u00eeners, d\u00e9gustations, \u00e9v\u00e9nements ouverts : nous ne cessons jamais de croire \u00e0 l\u2019importance de l\u2019art et des relations humaines, qui sont ce que nous aimons le plus. Apr\u00e8s le vin, naturellement.<\/p>\t\t<\/div>\n\t\t\t\t<\/div>\n\t\t\t\t\t\t<\/div>\n\t\t\t\t\t<\/div>\n\t\t<\/div>\n\t\t\t\t\t\t\t\t<\/div>\n\t\t\t\t\t<\/div>\n\t\t<\/section>\n\t\t\t\t<section class=\"elementor-section elementor-top-section elementor-element elementor-element-5927ee0 elementor-section-boxed elementor-section-height-default elementor-section-height-default\" data-id=\"5927ee0\" data-element_type=\"section\">\n\t\t\t\t\t\t<div class=\"elementor-container elementor-column-gap-default\">\n\t\t\t\t\t\t\t<div class=\"elementor-row\">\n\t\t\t\t\t<div class=\"elementor-column elementor-col-100 elementor-top-column elementor-element elementor-element-8bd2c0c\" data-id=\"8bd2c0c\" data-element_type=\"column\">\n\t\t\t<div class=\"elementor-column-wrap elementor-element-populated\">\n\t\t\t\t\t\t\t<div class=\"elementor-widget-wrap\">\n\t\t\t\t\t\t<div class=\"elementor-element elementor-element-5277ad0 elementor-widget elementor-widget-hellotreps-post-category\" data-id=\"5277ad0\" data-element_type=\"widget\" data-widget_type=\"hellotreps-post-category.default\">\n\t\t\t\t<div class=\"elementor-widget-container\">\n\t\t\t\t    <div class=\"category-selector-container\">\n\t    <ul>\t    <li class=\"category-selector active\"\"><a href=\"https:\/\/www.47annodomini.it\/fr\/news\">Tutti<\/a><\/li>\n\t    <\/ul>\n\t    <\/div>\n\t    \t\t<\/div>\n\t\t\t\t<\/div>\n\t\t\t\t\t\t<\/div>\n\t\t\t\t\t<\/div>\n\t\t<\/div>\n\t\t\t\t\t\t\t\t<\/div>\n\t\t\t\t\t<\/div>\n\t\t<\/section>\n\t\t\t\t<section class=\"elementor-section elementor-top-section elementor-element elementor-element-0442eb9 elementor-section-boxed elementor-section-height-default elementor-section-height-default\" data-id=\"0442eb9\" data-element_type=\"section\">\n\t\t\t\t\t\t<div class=\"elementor-container elementor-column-gap-default\">\n\t\t\t\t\t\t\t<div class=\"elementor-row\">\n\t\t\t\t\t<div class=\"elementor-column elementor-col-100 elementor-top-column elementor-element elementor-element-562738a\" data-id=\"562738a\" data-element_type=\"column\">\n\t\t\t<div class=\"elementor-column-wrap elementor-element-populated\">\n\t\t\t\t\t\t\t<div class=\"elementor-widget-wrap\">\n\t\t\t\t\t\t\t\t<\/div>\n\t\t\t\t\t<\/div>\n\t\t<\/div>\n\t\t\t\t\t\t\t\t<\/div>\n\t\t\t\t\t<\/div>\n\t\t<\/section>\n\t\t\t\t\t\t<\/div>\n\t\t\t\t\t\t<\/div>\n\t\t\t\t\t<\/div>\n\t\t","protected":false},"excerpt":{"rendered":"<p>Vous trouverez ici toutes les nouveaut\u00e9s de notre domaine. Expositions, conf\u00e9rences, concerts, d\u00eeners, d\u00e9gustations, \u00e9v\u00e9nements ouverts : nous ne cessons jamais de croire \u00e0 l\u2019importance de l\u2019art et des relations humaines, qui sont ce que nous aimons le plus. Apr\u00e8s le vin, naturellement.<\/p>\n","protected":false},"author":1,"featured_media":0,"parent":0,"menu_order":0,"comment_status":"closed","ping_status":"closed","template":"","meta":[],"yoast_head":"<!-- This site is optimized with the Yoast SEO plugin v15.9.2 - https:\/\/yoast.com\/wordpress\/plugins\/seo\/ -->\n<title>News - 47 Anno Domini<\/title>\n<meta name=\"description\" content=\"Expositions, conf\u00e9rences, concerts, d\u00eeners, d\u00e9gustations, \u00e9v\u00e9nements ouverts : nous ne cessons de croire \u00e0 l&#039;importance de l&#039;art et des relations humaines\" \/>\n<link rel=\"canonical\" href=\"https:\/\/www.47annodomini.it\/fr\/news\" \/>\n<meta property=\"og:locale\" content=\"fr_FR\" \/>\n<meta property=\"og:type\" content=\"article\" \/>\n<meta property=\"og:title\" content=\"News - 47 Anno Domini\" \/>\n<meta property=\"og:description\" content=\"Expositions, conf\u00e9rences, concerts, d\u00eeners, d\u00e9gustations, \u00e9v\u00e9nements ouverts : nous ne cessons de croire \u00e0 l&#039;importance de l&#039;art et des relations humaines\" \/>\n<meta property=\"og:url\" content=\"https:\/\/www.47annodomini.it\/fr\/news\" \/>\n<meta property=\"og:site_name\" content=\"47 Anno Domini\" \/>\n<meta property=\"article:modified_time\" content=\"2022-01-27T12:31:43+00:00\" \/>\n<meta name=\"twitter:card\" content=\"summary_large_image\" \/>\n<meta name=\"twitter:label1\" content=\"Dur\u00e9e de lecture est.\">\n\t<meta name=\"twitter:data1\" content=\"1 minute\">\n<script type=\"application\/ld+json\" class=\"yoast-schema-graph\">{\"@context\":\"https:\/\/schema.org\",\"@graph\":[{\"@type\":\"WebSite\",\"@id\":\"https:\/\/www.47annodomini.it\/#website\",\"url\":\"https:\/\/www.47annodomini.it\/\",\"name\":\"47 Anno Domini\",\"description\":\"Vinicola Tombacco\",\"potentialAction\":[{\"@type\":\"SearchAction\",\"target\":\"https:\/\/www.47annodomini.it\/?s={search_term_string}\",\"query-input\":\"required name=search_term_string\"}],\"inLanguage\":\"fr-FR\"},{\"@type\":\"WebPage\",\"@id\":\"https:\/\/www.47annodomini.it\/fr\/news#webpage\",\"url\":\"https:\/\/www.47annodomini.it\/fr\/news\",\"name\":\"News - 47 Anno Domini\",\"isPartOf\":{\"@id\":\"https:\/\/www.47annodomini.it\/#website\"},\"datePublished\":\"2021-02-12T12:21:03+00:00\",\"dateModified\":\"2022-01-27T12:31:43+00:00\",\"description\":\"Expositions, conf\\u00e9rences, concerts, d\\u00eeners, d\\u00e9gustations, \\u00e9v\\u00e9nements ouverts : nous ne cessons de croire \\u00e0 l'importance de l'art et des relations humaines\",\"breadcrumb\":{\"@id\":\"https:\/\/www.47annodomini.it\/fr\/news#breadcrumb\"},\"inLanguage\":\"fr-FR\",\"potentialAction\":[{\"@type\":\"ReadAction\",\"target\":[\"https:\/\/www.47annodomini.it\/fr\/news\"]}]},{\"@type\":\"BreadcrumbList\",\"@id\":\"https:\/\/www.47annodomini.it\/fr\/news#breadcrumb\",\"itemListElement\":[{\"@type\":\"ListItem\",\"position\":1,\"item\":{\"@type\":\"WebPage\",\"@id\":\"https:\/\/www.47annodomini.it\/\",\"url\":\"https:\/\/www.47annodomini.it\/\",\"name\":\"Home\"}},{\"@type\":\"ListItem\",\"position\":2,\"item\":{\"@type\":\"WebPage\",\"@id\":\"https:\/\/www.47annodomini.it\/fr\/news\",\"url\":\"https:\/\/www.47annodomini.it\/fr\/news\",\"name\":\"News\"}}]}]}<\/script>\n<!-- \/ Yoast SEO plugin. -->","_links":{"self":[{"href":"https:\/\/www.47annodomini.it\/fr\/wp-json\/wp\/v2\/pages\/1757"}],"collection":[{"href":"https:\/\/www.47annodomini.it\/fr\/wp-json\/wp\/v2\/pages"}],"about":[{"href":"https:\/\/www.47annodomini.it\/fr\/wp-json\/wp\/v2\/types\/page"}],"author":[{"embeddable":true,"href":"https:\/\/www.47annodomini.it\/fr\/wp-json\/wp\/v2\/users\/1"}],"replies":[{"embeddable":true,"href":"https:\/\/www.47annodomini.it\/fr\/wp-json\/wp\/v2\/comments?post=1757"}],"version-history":[{"count":0,"href":"https:\/\/www.47annodomini.it\/fr\/wp-json\/wp\/v2\/pages\/1757\/revisions"}],"wp:attachment":[{"href":"https:\/\/www.47annodomini.it\/fr\/wp-json\/wp\/v2\/media?parent=1757"}],"curies":[{"name":"wp","href":"https:\/\/api.w.org\/{rel}","templated":true}]}}