{"id":1781,"date":"2021-04-26T19:05:39","date_gmt":"2021-04-26T17:05:39","guid":{"rendered":"https:\/\/www.47annodomini.it\/privacy-policy"},"modified":"2022-01-25T11:54:03","modified_gmt":"2022-01-25T10:54:03","slug":"protection-de-vos","status":"publish","type":"page","link":"https:\/\/www.47annodomini.it\/fr\/protection-de-vos","title":{"rendered":"Protection de vos"},"content":{"rendered":"\t\t<div data-elementor-type=\"wp-page\" data-elementor-id=\"1781\" class=\"elementor elementor-1781 elementor-687\" data-elementor-settings=\"[]\">\n\t\t\t\t\t\t<div class=\"elementor-inner\">\n\t\t\t\t\t\t\t<div class=\"elementor-section-wrap\">\n\t\t\t\t\t\t\t<section class=\"elementor-section elementor-top-section elementor-element elementor-element-8198f71 elementor-section-boxed elementor-section-height-default elementor-section-height-default\" data-id=\"8198f71\" data-element_type=\"section\">\n\t\t\t\t\t\t<div class=\"elementor-container elementor-column-gap-default\">\n\t\t\t\t\t\t\t<div class=\"elementor-row\">\n\t\t\t\t\t<div class=\"elementor-column elementor-col-100 elementor-top-column elementor-element elementor-element-292432f\" data-id=\"292432f\" data-element_type=\"column\">\n\t\t\t<div class=\"elementor-column-wrap elementor-element-populated\">\n\t\t\t\t\t\t\t<div class=\"elementor-widget-wrap\">\n\t\t\t\t\t\t<div class=\"elementor-element elementor-element-79ca690 elementor-widget elementor-widget-heading\" data-id=\"79ca690\" data-element_type=\"widget\" data-widget_type=\"heading.default\">\n\t\t\t\t<div class=\"elementor-widget-container\">\n\t\t\t<h3 class=\"elementor-heading-title elementor-size-default\">INFORMATIONS PERSONNELLES WWW.47ANNODOMINI.IT<\/h3>\t\t<\/div>\n\t\t\t\t<\/div>\n\t\t\t\t\t\t<\/div>\n\t\t\t\t\t<\/div>\n\t\t<\/div>\n\t\t\t\t\t\t\t\t<\/div>\n\t\t\t\t\t<\/div>\n\t\t<\/section>\n\t\t\t\t<section class=\"elementor-section elementor-top-section elementor-element elementor-element-d7e1c43 elementor-section-boxed elementor-section-height-default elementor-section-height-default\" data-id=\"d7e1c43\" data-element_type=\"section\">\n\t\t\t\t\t\t<div class=\"elementor-container elementor-column-gap-default\">\n\t\t\t\t\t\t\t<div class=\"elementor-row\">\n\t\t\t\t\t<div class=\"elementor-column elementor-col-100 elementor-top-column elementor-element elementor-element-927450f\" data-id=\"927450f\" data-element_type=\"column\">\n\t\t\t<div class=\"elementor-column-wrap elementor-element-populated\">\n\t\t\t\t\t\t\t<div class=\"elementor-widget-wrap\">\n\t\t\t\t\t\t<div class=\"elementor-element elementor-element-d5fd212 elementor-widget elementor-widget-text-editor\" data-id=\"d5fd212\" data-element_type=\"widget\" data-widget_type=\"text-editor.default\">\n\t\t\t\t<div class=\"elementor-widget-container\">\n\t\t\t\t\t<div class=\"elementor-text-editor elementor-clearfix\"><p>EN APPLICATION ET POUR LES EFFETS DES ARTICLE 13 DU R\u00c8GLEMENT (UE) 2016\/679 (RGPD)<br \/>Ces informations d\u00e9crivent les modalit\u00e9s de traitement des donn\u00e9es des utilisateurs qui consultent ce site conform\u00e9ment \u00e0 la l\u00e9gislation en vigueur en la mati\u00e8re.<\/p><h2>1. Responsables du traitement<\/h2><p>Responsable du traitement : Societ\u00e0 Agricola 47 Anno Domini s.s., en la personne du repr\u00e9sentant l\u00e9gal M. Giuliano Tombacco, dont le si\u00e8ge social est \u00e0 Roncade (TV), via Treviso Mare n. 2, Code fiscal \/ N\u00b0 TVA 03384780262 (\u00ab\u00a0Contr\u00f4leur de donn\u00e9es\u00a0\u00bb), qui peut \u00eatre contact\u00e9 \u00e0 l&rsquo;adresse e-mail info@47annodomini.it &#8211; \u200b\u200b\u200b\u200bt\u00e9l. 0422\/849976.<\/p><h2>2. D\u00e9finitions<\/h2><p>\u00ab\u00a0Donn\u00e9es\u00a0\u00bb d\u00e9signe les Donn\u00e9es Particuli\u00e8res, les Donn\u00e9es Personnelles et les Donn\u00e9es Judiciaires faisant l&rsquo;objet d&rsquo;un Traitement.<br \/>\u00ab\u00a0Donn\u00e9es judiciaires\u00a0\u00bb d\u00e9signent \u00ab\u00a0des donn\u00e9es susceptibles de r\u00e9v\u00e9ler des informations relatives aux dispositions en mati\u00e8re de casiers judiciaires, au registre des sanctions administratives en fonction du crime et des charges en instance y aff\u00e9rentes, ou \u00e0 la qualit\u00e9 d&rsquo;accus\u00e9 ou de suspect conform\u00e9ment aux articles 60 et 61 du Code de proc\u00e9dure p\u00e9nale italien\u00a0\u00bb.<br \/>\u00ab\u00a0Donn\u00e9es Particuli\u00e8res\u00a0\u00bb d\u00e9signe \u00ab\u00a0les donn\u00e9es personnelles r\u00e9v\u00e9lant l&rsquo;origine raciale ou ethnique, les opinions politiques, les convictions religieuses ou philosophiques, ou l&rsquo;appartenance syndicale, ainsi que le traitement des donn\u00e9es g\u00e9n\u00e9tiques, des donn\u00e9es biom\u00e9triques destin\u00e9es \u00e0 identifier de mani\u00e8re unique une personne physique, des donn\u00e9es relatives \u00e0 la sant\u00e9 ou vie sexuelle ou orientation sexuelle de la personne\u00a0\u00bb (voir art. 9, c. 1 RGPD).<br \/>\u00ab\u00a0Donn\u00e9es Personnelles\u00a0\u00bb d\u00e9signe toute information concernant une personne int\u00e9ress\u00e9e, \u00ab\u00a0avec r\u00e9f\u00e9rence notamment \u00e0 un identifiant tel que le nom, un num\u00e9ro d&rsquo;identification, des donn\u00e9es de localisation, un identifiant en ligne ou \u00e0 un ou plusieurs \u00e9l\u00e9ments caract\u00e9ristiques de son identit\u00e9 physique, physiologique, g\u00e9n\u00e9tique, psychique, \u00e9conomique, culturel ou social\u00a0\u00bb (voir art. 4, c. 1, n. 1 GDPR).<br \/>\u00ab\u00a0RGPD\u00a0\u00bb d\u00e9signe le R\u00e8glement (UE) 2016\/679.<br \/>\u00ab\u00a0Informations\u00a0\u00bb d\u00e9signe ces informations conform\u00e9ment \u00e0 l&rsquo;art. 13 RGPD.<br \/>\u00ab\u00a0Int\u00e9ress\u00e9\u00a0\u00bb d\u00e9signe la \u00ab\u00a0personne physique identifi\u00e9e ou identifiable\u00a0\u00bb dont les Donn\u00e9es sont trait\u00e9es (voir art. 4, c. 1, n. 1 GDPR).<br \/>\u00ab\u00a0Site\u00a0\u00bb d\u00e9signe ce site Web.<br \/>\u00ab\u00a0Traitement\u00a0\u00bb d\u00e9signe \u00ab\u00a0toute op\u00e9ration ou ensemble d&rsquo;op\u00e9rations, r\u00e9alis\u00e9es avec ou sans l&rsquo;aide de proc\u00e9d\u00e9s automatis\u00e9s et appliqu\u00e9es \u00e0 des donn\u00e9es personnelles ou \u00e0 un ensemble de donn\u00e9es personnelles, telles que la collecte, l&rsquo;enregistrement, l&rsquo;organisation, la structuration, la conservation, l&rsquo;adaptation ou la modification , extraction, consultation, utilisation, communication par transmission, diffusion ou toute autre forme de mise \u00e0 disposition, comparaison ou interconnexion, limitation, annulation ou destruction\u00a0\u00bb (voir art.4, c. 1, n.2 GDPR).<br \/>\u00ab\u00a0Utilisateur\u00a0\u00bb d\u00e9signe la personne qui visite et utilise le Site, co\u00efncide avec l&rsquo;int\u00e9ress\u00e9 et \/ ou avec la personne autoris\u00e9e par lui et dont les donn\u00e9es sont trait\u00e9es.<\/p><h2>3. Type de donn\u00e9es collect\u00e9es<\/h2><p>Le Site collecte et traite les types de Donn\u00e9es suivants :<\/p><p>a) Donn\u00e9es de navigation<br \/>Le Site acquiert des Donn\u00e9es relatives \u00e0 la navigation de l&rsquo;Utilisateur dont la transmission est implicite dans l&rsquo;utilisation des protocoles de communication Internet. Ces informations ne sont pas collect\u00e9es pour \u00eatre associ\u00e9es \u00e0 des Int\u00e9ress\u00e9s identifi\u00e9s, mais par leur nature m\u00eame pourraient, par le traitement et l&rsquo;association des Donn\u00e9es, permettre d&rsquo;identifier les Utilisateurs.<br \/>Cette cat\u00e9gorie comprend : l&rsquo;adresse IP ou les noms de domaine du terminal utilis\u00e9 par l&rsquo;Utilisateur, les adresses en notation URI (Uniform Resource Identifier) \u200b\u200b\u200b\u200bdes ressources demand\u00e9es, l&rsquo;heure de la demande, la m\u00e9thode utilis\u00e9e pour faire la demande au serveur, la taille de le fichier de r\u00e9ponse, code num\u00e9rique indiquant si la r\u00e9ponse a r\u00e9ussi ou non et d&rsquo;autres param\u00e8tres concernant le syst\u00e8me d&rsquo;exploitation de l&rsquo;Utilisateur.<br \/>b) Donn\u00e9es fournies volontairement par l&rsquo;Utilisateur<br \/>L&rsquo;envoi facultatif, explicite et volontaire de communications aux adresses indiqu\u00e9es sur ce site, y compris au moyen de messages \u00e9lectroniques, implique l&rsquo;acquisition de l&rsquo;adresse \u00e9lectronique de l&rsquo;exp\u00e9diteur et des donn\u00e9es suppl\u00e9mentaires incluses dans la communication. Des informations pr\u00e9cises sont toutefois signal\u00e9es sur les pages du Site o\u00f9 il est possible de remplir les espaces appropri\u00e9s et ainsi communiquer avec nous.<\/p><h2>4. Finalit\u00e9s du traitement<\/h2><p>Les donn\u00e9es fournies seront trait\u00e9es dans le respect des conditions de lic\u00e9it\u00e9 conform\u00e9ment \u00e0 l&rsquo;art. 6 RGPD aux fins suivantes :<\/p><p>a) la gestion technique de la navigation et de l&rsquo;utilisation du Site ;<br \/>b) la collecte et le traitement d&rsquo;informations, sous forme agr\u00e9g\u00e9e et anonyme, sur le nombre d&rsquo;utilisateurs et les modalit\u00e9s de visite du Site ;<br \/>c) exclusivement avec votre consentement, l&rsquo;ex\u00e9cution des services propos\u00e9s par le Site, tels que la vente et la livraison de produits viticoles ou l&rsquo;organisation d&rsquo;\u00e9v\u00e9nements, poursuivant les finalit\u00e9s sp\u00e9cifiques pour lesquelles les Donn\u00e9es ont \u00e9t\u00e9 fournies par vous, ainsi que votre contact en relation avec ce qui est demand\u00e9 ;<br \/>d) exclusivement avec votre consentement, la gestion de votre inscription et de votre authentification sur le Site et la gestion des relations contractuelles avec vous, ainsi que le respect des obligations l\u00e9gales y aff\u00e9rentes ;<br \/>e) avec votre consentement, fourniture de la carte 47 Anno Domini Club et des services r\u00e9sultant de sa souscription ;<br \/>f) en cas de demande de mat\u00e9riel d&rsquo;information (par exemple newsletter) et donc exclusivement avec votre consentement, l&rsquo;ex\u00e9cution du service demand\u00e9<br \/>g) uniquement avec votre consentement, cr\u00e9er un ou plusieurs de vos profils et envoyer des messages publicitaires en ligne avec vos pr\u00e9f\u00e9rences exprim\u00e9es en surfant sur le net ;<br \/>h) la protection des droits et des int\u00e9r\u00eats l\u00e9gitimes du responsable du traitement (par exemple, tout litige et litige).<\/p><h2>5. Cookies<\/h2><p>Le Site utilise \u00e9galement des cookies aux fins indiqu\u00e9es ci-dessus. Pour des informations d\u00e9taill\u00e9es sur les cookies utilis\u00e9s, consultez la politique relative aux cookies \u00e0 l&rsquo;adresse suivante : https:\/\/www.47annodomini.it\/fr\/charte-des-cookies.<\/p><h2>6. Modalit\u00e9s de traitement et de conservation des donn\u00e9es<\/h2><p>Le traitement sera effectu\u00e9 \u00e0 l&rsquo;aide d&rsquo;outils informatiques et \/ ou t\u00e9l\u00e9matiques, avec des m\u00e9thodes et des outils visant \u00e0 garantir une s\u00e9curit\u00e9 et une confidentialit\u00e9 maximales.<br \/>Vos donn\u00e9es seront conserv\u00e9es pendant le temps strictement n\u00e9cessaire et suffisant \u00e0 la poursuite de chaque finalit\u00e9 individuelle vis\u00e9e \u00e0 l&rsquo;art. 4 du pr\u00e9sent avis et en tout \u00e9tat de cause pour une p\u00e9riode n&rsquo;exc\u00e9dant pas 10 ans.<\/p><h2>7. Paiements<\/h2><p>Dans le cas o\u00f9 l&rsquo;Utilisateur proc\u00e9derait \u00e0 l&rsquo;achat de produits et\/ou services sur ce Site, les Donn\u00e9es relatives au mode de paiement choisi seront directement communiqu\u00e9es par vous, via une page web sp\u00e9cifique, au prestataire de services de paiement qui agira en tant que donn\u00e9es ind\u00e9pendantes responsable du traitement : le responsable du traitement ne consultera pas les donn\u00e9es susmentionn\u00e9es, ne les traitera pas et ne les stockera pas. Le d\u00e9faut de fournir ces donn\u00e9es au prestataire de services de paiement emp\u00eachera la conclusion de l&rsquo;achat susmentionn\u00e9.<\/p><h2>8. Transfert de donn\u00e9s \u00e0 caract\u00e8re personnel<\/h2><p>Les donn\u00e9es collect\u00e9es ne sont ni divulgu\u00e9es ni communiqu\u00e9es \u00e0 des tiers, sauf dans les cas et selon les modalit\u00e9s pr\u00e9vus par les informations et par la loi.<br \/>Le traitement sera effectu\u00e9 par le responsable du traitement. Les donn\u00e9es fournies peuvent \u00eatre divulgu\u00e9es aux responsables du traitement des donn\u00e9es et \/ ou aux personnes autoris\u00e9es agissant sous l&rsquo;autorit\u00e9 du responsable du traitement et \/ ou du responsable du traitement des donn\u00e9es, qui les traiteront aux fins vis\u00e9es \u00e0 l&rsquo;art. 4 de cet Avis.<br \/>En particulier, les donn\u00e9es personnelles peuvent \u00eatre divulgu\u00e9es \u00e0 des sujets appartenant aux cat\u00e9gories suivantes :<br \/>&#8211; Vinicola Tombacco S.r.l. situ\u00e9 \u00e0 Trebaseleghe, via S. Tiziano n. 34 ;<br \/>&#8211; tous conseils en mati\u00e8re comptable et fiscale ;<br \/>&#8211; les sujets externes qui g\u00e8rent \/ soutiennent \/ assistent, m\u00eame occasionnellement, le Responsable du traitement dans l&rsquo;administration du syst\u00e8me d&rsquo;information et des r\u00e9seaux de t\u00e9l\u00e9communications (y compris e-mail), ou qui s&rsquo;occupent de la gestion du Site, ainsi que des partenaires technologiques et instrumental que le responsable du traitement utilise pour fournir les services demand\u00e9s par les utilisateurs ;<br \/>&#8211; les sujets externes qui g\u00e8rent \/ soutiennent \/ assistent le responsable du traitement, \u00e9galement en exer\u00e7ant des activit\u00e9s techniques ou de transport sp\u00e9cialis\u00e9es ;<br \/>&#8211; les sujets externes tels que les agences de t\u00e9l\u00e9marketing, lorsqu&rsquo;elles sont autoris\u00e9es conform\u00e9ment \u00e0 l&rsquo;art. 4 let. f) et g);<br \/>&#8211; Agence fiscale, institutions de s\u00e9curit\u00e9 sociale et administration financi\u00e8re, afin de remplir toutes les obligations de s\u00e9curit\u00e9 sociale, de bien-\u00eatre, d&rsquo;assurance et fiscales ;<br \/>&#8211; Autorit\u00e9s comp\u00e9tentes pour l&rsquo;ex\u00e9cution des obligations l\u00e9gales et pour la protection de l&rsquo;int\u00e9r\u00eat l\u00e9gitime du responsable du traitement.<\/p><h2>9. Transfert de donn\u00e9es \u00e0 l&rsquo;\u00e9tranger<\/h2><p>Le traitement des donn\u00e9es a lieu au si\u00e8ge du responsable du traitement et en tout autre lieu, au sein de l&rsquo;Union europ\u00e9enne, o\u00f9 se trouvent les personnes autoris\u00e9es \u00e0 traiter les donn\u00e9es.<br \/>Si, aux fins vis\u00e9es \u00e0 l&rsquo;art. 4 du pr\u00e9sent Avis, s&rsquo;il \u00e9tait n\u00e9cessaire de faire appel \u00e0 des tiers \u00e9tablis en dehors de l&rsquo;Union europ\u00e9enne, ces sujets seront d\u00e9sign\u00e9s comme Responsables du Traitement et vos Donn\u00e9es leur seront transf\u00e9r\u00e9es dans la limite de ce qui est strictement n\u00e9cessaire \u00e0 la poursuite de la finalit\u00e9s pr\u00e9cit\u00e9es, conform\u00e9ment au titre V du RGPD, et \u00e0 condition qu&rsquo;elles garantissent un niveau de protection des donn\u00e9es correspondant \u00e0 celui \u00e9tabli par la l\u00e9gislation europ\u00e9enne.<br \/>Des informations exactes sur le transfert de vos donn\u00e9es et le lieu de stockage peuvent \u00eatre obtenues aupr\u00e8s de vous de la mani\u00e8re indiqu\u00e9e dans le paragraphe de cette information concernant les \u00ab\u00a0droits de l&rsquo;int\u00e9ress\u00e9\u00a0\u00bb.<\/p><h2>10. Acceptation \/ refus de traitement<\/h2><p>La fourniture de votre consentement aux fins vis\u00e9es \u00e0 l&rsquo;art. 4 let. de c) \u00e0 g) du pr\u00e9sent Avis est facultative et l&rsquo;utilisation des Donn\u00e9es est soumise \u00e0 votre consentement.<br \/>Dans tous les cas, cependant, le d\u00e9faut de consentement \u00e0 ces fins emp\u00eachera le responsable du traitement de poursuivre la m\u00eame chose et, lorsqu&rsquo;il est connect\u00e9 \u00e0 un service que vous avez demand\u00e9, de fournir le service lui-m\u00eame.<\/p><h2>11. Mineurs<\/h2><p>Les donn\u00e9es des personnes int\u00e9ress\u00e9es de moins de 16 ans ne seront pas trait\u00e9es, sans l&rsquo;autorisation pr\u00e9alable du titulaire de la responsabilit\u00e9 parentale.<\/p><h2>12. Droits de l&rsquo;int\u00e9ress\u00e9<\/h2><p>Vous pourrez faire valoir vos droits, tels qu&rsquo;exprim\u00e9s par les articles. 15, 16, 17, 18, 19, 20, 21, 22 et 34 GDPR, en contactant le responsable du traitement et \/ ou le responsable du traitement conform\u00e9ment \u00e0 l&rsquo;art. 38 alin\u00e9a 4 du RGPD, aux r\u00e9f\u00e9rences indiqu\u00e9es \u00e0 l&rsquo;art. 1 de cet Avis.<br \/>Vous avez le droit \u00e0 tout moment de formuler, aupr\u00e8s du responsable du traitement, une demande d&rsquo;acc\u00e8s \u00e0 vos donn\u00e9es, de rectification, d&rsquo;annulation de celles-ci et de limitation du traitement, ainsi que de conna\u00eetre les coordonn\u00e9es de chaque personne autoris\u00e9e \u00e0 traiter vos donn\u00e9es. .<br \/>Vous avez le droit de retirer le consentement donn\u00e9 conform\u00e9ment \u00e0 l&rsquo;art. 6 alin\u00e9a 1, lettre a) et art. 9, paragraphe 2, lettre a) GDPR, sans pr\u00e9judice de la lic\u00e9it\u00e9 du traitement avant la r\u00e9vocation.<br \/>Vous avez \u00e9galement le droit de transmettre \u00e0 tout moment une demande de portabilit\u00e9 des donn\u00e9es, auquel cas le Responsable du traitement vous fournira les Donn\u00e9es vous concernant dans un format structur\u00e9, couramment utilis\u00e9 et lisible, sans pr\u00e9judice des dispositions des paragraphes 3 et 4 .de l&rsquo;art. 20 RGPD.<br \/>Vous avez \u00e9galement le droit de vous opposer \u00e0 tout moment au traitement de vos donn\u00e9es.<br \/>Sans pr\u00e9judice de tout autre recours administratif et judiciaire, si vous estimez que le traitement de vos donn\u00e9es viole les dispositions du RGPD, conform\u00e9ment \u00e0 l&rsquo;art. 15 lettre f) GDPR, vous avez le droit de d\u00e9poser une plainte aupr\u00e8s de l&rsquo;Autorit\u00e9 de protection des donn\u00e9es.<\/p><h2>13. Modifications des informations<\/h2><p>Cet avis peut subir des modifications au fil du temps &#8211; \u00e9galement li\u00e9es \u00e0 l&rsquo;entr\u00e9e en vigueur \u00e9ventuelle de nouvelles r\u00e9glementations sectorielles, \u00e0 la mise \u00e0 jour et\/ou \u00e0 la fourniture de nouveaux services ou innovations technologiques &#8211; pour lesquelles nous vous invitons \u00e0 consulter p\u00e9riodiquement cette page.<\/p><\/div>\n\t\t\t\t<\/div>\n\t\t\t\t<\/div>\n\t\t\t\t\t\t<\/div>\n\t\t\t\t\t<\/div>\n\t\t<\/div>\n\t\t\t\t\t\t\t\t<\/div>\n\t\t\t\t\t<\/div>\n\t\t<\/section>\n\t\t\t\t\t\t<\/div>\n\t\t\t\t\t\t<\/div>\n\t\t\t\t\t<\/div>\n\t\t","protected":false},"excerpt":{"rendered":"<p>INFORMATIONS PERSONNELLES WWW.47ANNODOMINI.IT EN APPLICATION ET POUR LES EFFETS DES ARTICLE 13 DU R\u00c8GLEMENT (UE) 2016\/679 (RGPD)Ces informations d\u00e9crivent les modalit\u00e9s de traitement des donn\u00e9es des utilisateurs qui consultent ce site conform\u00e9ment \u00e0 la l\u00e9gislation en vigueur en la mati\u00e8re. 1. Responsables du traitement Responsable du traitement : Societ\u00e0 Agricola 47 Anno Domini s.s., en [&hellip;]<\/p>\n","protected":false},"author":1,"featured_media":0,"parent":0,"menu_order":0,"comment_status":"closed","ping_status":"closed","template":"","meta":[],"yoast_head":"<!-- This site is optimized with the Yoast SEO plugin v15.9.2 - https:\/\/yoast.com\/wordpress\/plugins\/seo\/ -->\n<title>Protection de vos - 47 Anno Domini<\/title>\n<link rel=\"canonical\" href=\"https:\/\/www.47annodomini.it\/fr\/protection-de-vos\" \/>\n<meta property=\"og:locale\" content=\"fr_FR\" \/>\n<meta property=\"og:type\" content=\"article\" \/>\n<meta property=\"og:title\" content=\"Protection de vos - 47 Anno Domini\" \/>\n<meta property=\"og:description\" content=\"INFORMATIONS PERSONNELLES WWW.47ANNODOMINI.IT EN APPLICATION ET POUR LES EFFETS DES ARTICLE 13 DU R\u00c8GLEMENT (UE) 2016\/679 (RGPD)Ces informations d\u00e9crivent les modalit\u00e9s de traitement des donn\u00e9es des utilisateurs qui consultent ce site conform\u00e9ment \u00e0 la l\u00e9gislation en vigueur en la mati\u00e8re. 1. Responsables du traitement Responsable du traitement : Societ\u00e0 Agricola 47 Anno Domini s.s., en [&hellip;]\" \/>\n<meta property=\"og:url\" content=\"https:\/\/www.47annodomini.it\/fr\/protection-de-vos\" \/>\n<meta property=\"og:site_name\" content=\"47 Anno Domini\" \/>\n<meta property=\"article:modified_time\" content=\"2022-01-25T10:54:03+00:00\" \/>\n<meta name=\"twitter:card\" content=\"summary_large_image\" \/>\n<meta name=\"twitter:label1\" content=\"Dur\u00e9e de lecture est.\">\n\t<meta name=\"twitter:data1\" content=\"9 minutes\">\n<script type=\"application\/ld+json\" class=\"yoast-schema-graph\">{\"@context\":\"https:\/\/schema.org\",\"@graph\":[{\"@type\":\"WebSite\",\"@id\":\"https:\/\/www.47annodomini.it\/#website\",\"url\":\"https:\/\/www.47annodomini.it\/\",\"name\":\"47 Anno Domini\",\"description\":\"Vinicola Tombacco\",\"potentialAction\":[{\"@type\":\"SearchAction\",\"target\":\"https:\/\/www.47annodomini.it\/?s={search_term_string}\",\"query-input\":\"required name=search_term_string\"}],\"inLanguage\":\"fr-FR\"},{\"@type\":\"WebPage\",\"@id\":\"https:\/\/www.47annodomini.it\/fr\/protection-de-vos#webpage\",\"url\":\"https:\/\/www.47annodomini.it\/fr\/protection-de-vos\",\"name\":\"Protection de vos - 47 Anno Domini\",\"isPartOf\":{\"@id\":\"https:\/\/www.47annodomini.it\/#website\"},\"datePublished\":\"2021-04-26T17:05:39+00:00\",\"dateModified\":\"2022-01-25T10:54:03+00:00\",\"breadcrumb\":{\"@id\":\"https:\/\/www.47annodomini.it\/fr\/protection-de-vos#breadcrumb\"},\"inLanguage\":\"fr-FR\",\"potentialAction\":[{\"@type\":\"ReadAction\",\"target\":[\"https:\/\/www.47annodomini.it\/fr\/protection-de-vos\"]}]},{\"@type\":\"BreadcrumbList\",\"@id\":\"https:\/\/www.47annodomini.it\/fr\/protection-de-vos#breadcrumb\",\"itemListElement\":[{\"@type\":\"ListItem\",\"position\":1,\"item\":{\"@type\":\"WebPage\",\"@id\":\"https:\/\/www.47annodomini.it\/\",\"url\":\"https:\/\/www.47annodomini.it\/\",\"name\":\"Home\"}},{\"@type\":\"ListItem\",\"position\":2,\"item\":{\"@type\":\"WebPage\",\"@id\":\"https:\/\/www.47annodomini.it\/fr\/protection-de-vos\",\"url\":\"https:\/\/www.47annodomini.it\/fr\/protection-de-vos\",\"name\":\"Protection de vos\"}}]}]}<\/script>\n<!-- \/ Yoast SEO plugin. -->","_links":{"self":[{"href":"https:\/\/www.47annodomini.it\/fr\/wp-json\/wp\/v2\/pages\/1781"}],"collection":[{"href":"https:\/\/www.47annodomini.it\/fr\/wp-json\/wp\/v2\/pages"}],"about":[{"href":"https:\/\/www.47annodomini.it\/fr\/wp-json\/wp\/v2\/types\/page"}],"author":[{"embeddable":true,"href":"https:\/\/www.47annodomini.it\/fr\/wp-json\/wp\/v2\/users\/1"}],"replies":[{"embeddable":true,"href":"https:\/\/www.47annodomini.it\/fr\/wp-json\/wp\/v2\/comments?post=1781"}],"version-history":[{"count":0,"href":"https:\/\/www.47annodomini.it\/fr\/wp-json\/wp\/v2\/pages\/1781\/revisions"}],"wp:attachment":[{"href":"https:\/\/www.47annodomini.it\/fr\/wp-json\/wp\/v2\/media?parent=1781"}],"curies":[{"name":"wp","href":"https:\/\/api.w.org\/{rel}","templated":true}]}}