{"id":2751,"date":"2021-12-07T09:27:09","date_gmt":"2021-12-07T08:27:09","guid":{"rendered":"https:\/\/www.47annodomini.it\/histoires\/risparmio-energetico-e-fotovoltaico"},"modified":"2022-10-27T17:40:24","modified_gmt":"2022-10-27T15:40:24","slug":"les-economies-denergie-et-photovoltaique","status":"publish","type":"page","link":"https:\/\/www.47annodomini.it\/fr\/histoires\/les-economies-denergie-et-photovoltaique","title":{"rendered":"Les \u00e9conomies d\u2019\u00e9nergie et photovolta\u00efque"},"content":{"rendered":"\t\t<div data-elementor-type=\"wp-page\" data-elementor-id=\"2751\" class=\"elementor elementor-2751 elementor-1433\" data-elementor-settings=\"[]\">\n\t\t\t\t\t\t<div class=\"elementor-inner\">\n\t\t\t\t\t\t\t<div class=\"elementor-section-wrap\">\n\t\t\t\t\t\t\t<section class=\"elementor-section elementor-top-section elementor-element elementor-element-1e6cd2bd elementor-section-full_width elementor-section-height-default elementor-section-height-default\" data-id=\"1e6cd2bd\" data-element_type=\"section\" data-settings=\"{&quot;background_background&quot;:&quot;classic&quot;}\">\n\t\t\t\t\t\t<div class=\"elementor-container elementor-column-gap-no\">\n\t\t\t\t\t\t\t<div class=\"elementor-row\">\n\t\t\t\t\t<div class=\"elementor-column elementor-col-100 elementor-top-column elementor-element elementor-element-2ba0eabd\" data-id=\"2ba0eabd\" data-element_type=\"column\">\n\t\t\t<div class=\"elementor-column-wrap elementor-element-populated\">\n\t\t\t\t\t\t\t<div class=\"elementor-widget-wrap\">\n\t\t\t\t\t\t<div class=\"elementor-element elementor-element-17cd3c3b elementor-widget elementor-widget-image\" data-id=\"17cd3c3b\" data-element_type=\"widget\" data-widget_type=\"image.default\">\n\t\t\t\t<div class=\"elementor-widget-container\">\n\t\t\t\t\t<div class=\"elementor-image\">\n\t\t\t\t\t\t\t\t\t\t<img width=\"1920\" height=\"1080\" src=\"https:\/\/www.47annodomini.it\/images\/2021\/12\/fotovoltaico.jpg\" class=\"attachment-full size-full\" alt=\"\" loading=\"lazy\" srcset=\"https:\/\/www.47annodomini.it\/images\/2021\/12\/fotovoltaico.jpg 1920w, https:\/\/www.47annodomini.it\/images\/2021\/12\/fotovoltaico-300x169.jpg 300w, https:\/\/www.47annodomini.it\/images\/2021\/12\/fotovoltaico-1024x576.jpg 1024w, https:\/\/www.47annodomini.it\/images\/2021\/12\/fotovoltaico-768x432.jpg 768w, https:\/\/www.47annodomini.it\/images\/2021\/12\/fotovoltaico-1536x864.jpg 1536w\" sizes=\"(max-width: 1920px) 100vw, 1920px\" \/>\t\t\t\t\t\t\t\t\t\t\t<\/div>\n\t\t\t\t<\/div>\n\t\t\t\t<\/div>\n\t\t\t\t<section class=\"elementor-section elementor-inner-section elementor-element elementor-element-4ab74fa0 elementor-section-boxed elementor-section-height-default elementor-section-height-default\" data-id=\"4ab74fa0\" data-element_type=\"section\">\n\t\t\t\t\t\t<div class=\"elementor-container elementor-column-gap-default\">\n\t\t\t\t\t\t\t<div class=\"elementor-row\">\n\t\t\t\t\t<div class=\"elementor-column elementor-col-50 elementor-inner-column elementor-element elementor-element-7fe51d7a\" data-id=\"7fe51d7a\" data-element_type=\"column\">\n\t\t\t<div class=\"elementor-column-wrap elementor-element-populated\">\n\t\t\t\t\t\t\t<div class=\"elementor-widget-wrap\">\n\t\t\t\t\t\t<div class=\"elementor-element elementor-element-2d6f9bce elementor-widget elementor-widget-heading\" data-id=\"2d6f9bce\" data-element_type=\"widget\" data-widget_type=\"heading.default\">\n\t\t\t\t<div class=\"elementor-widget-container\">\n\t\t\t<h1 class=\"elementor-heading-title elementor-size-default\">Les \u00e9conomies d\u2019\u00e9nergie et photovolta\u00efque<\/h1>\t\t<\/div>\n\t\t\t\t<\/div>\n\t\t\t\t\t\t<\/div>\n\t\t\t\t\t<\/div>\n\t\t<\/div>\n\t\t\t\t<div class=\"elementor-column elementor-col-50 elementor-inner-column elementor-element elementor-element-686be587\" data-id=\"686be587\" data-element_type=\"column\">\n\t\t\t<div class=\"elementor-column-wrap\">\n\t\t\t\t\t\t\t<div class=\"elementor-widget-wrap\">\n\t\t\t\t\t\t\t\t<\/div>\n\t\t\t\t\t<\/div>\n\t\t<\/div>\n\t\t\t\t\t\t\t\t<\/div>\n\t\t\t\t\t<\/div>\n\t\t<\/section>\n\t\t\t\t\t\t<\/div>\n\t\t\t\t\t<\/div>\n\t\t<\/div>\n\t\t\t\t\t\t\t\t<\/div>\n\t\t\t\t\t<\/div>\n\t\t<\/section>\n\t\t\t\t<section class=\"elementor-section elementor-top-section elementor-element elementor-element-bf1a1c8 elementor-section-boxed elementor-section-height-default elementor-section-height-default\" data-id=\"bf1a1c8\" data-element_type=\"section\" data-settings=\"{&quot;background_background&quot;:&quot;classic&quot;}\">\n\t\t\t\t\t\t<div class=\"elementor-container elementor-column-gap-default\">\n\t\t\t\t\t\t\t<div class=\"elementor-row\">\n\t\t\t\t\t<div class=\"elementor-column elementor-col-100 elementor-top-column elementor-element elementor-element-22c6d91b\" data-id=\"22c6d91b\" data-element_type=\"column\">\n\t\t\t<div class=\"elementor-column-wrap elementor-element-populated\">\n\t\t\t\t\t\t\t<div class=\"elementor-widget-wrap\">\n\t\t\t\t\t\t<div class=\"elementor-element elementor-element-cfb164 elementor-widget elementor-widget-text-editor\" data-id=\"cfb164\" data-element_type=\"widget\" data-widget_type=\"text-editor.default\">\n\t\t\t\t<div class=\"elementor-widget-container\">\n\t\t\t\t\t<div class=\"elementor-text-editor elementor-clearfix\"><p>L\u2019autonomie \u00e9nerg\u00e9tique : nous produisons ce que nous consommons.<\/p><\/div>\n\t\t\t\t<\/div>\n\t\t\t\t<\/div>\n\t\t\t\t<div class=\"elementor-element elementor-element-160e71a2 elementor-widget elementor-widget-text-editor\" data-id=\"160e71a2\" data-element_type=\"widget\" data-widget_type=\"text-editor.default\">\n\t\t\t\t<div class=\"elementor-widget-container\">\n\t\t\t\t\t<div class=\"elementor-text-editor elementor-clearfix\"><p><span style=\"font-weight: 400;\">Saviez-vous que 80 % de l\u2019\u00e9nergie que nous utilisons dans notre entreprise provient d\u2019un syst\u00e8me photovolta\u00efque efficace ? Nous avons install\u00e9 un syst\u00e8me de <\/span><b>panneaux solaires<\/b><span style=\"font-weight: 400;\"> comme choix quotidien de <\/span><b>durabilit\u00e9<\/b><span style=\"font-weight: 400;\">, pour nous rapprocher le plus possible du seuil d\u2019autonomie \u00e9nerg\u00e9tique totale.<\/span><\/p><p><span style=\"font-weight: 400;\">Le soleil est donc notre principale source <\/span><b>d\u2019\u00e9nergie propre<\/b><span style=\"font-weight: 400;\">. De cette mani\u00e8re, nous parvenons \u00e0 \u00eatre durables tant sur le plan de la nature que sur celui des co\u00fbts d\u2019exploitation. Produire de l\u2019\u00e9nergie avec notre syst\u00e8me photovolta\u00efque signifie limiter les \u00e9missions de CO2, et donc r\u00e9duire la pollution atmosph\u00e9rique et en g\u00e9n\u00e9ral l\u2019impact environnemental de <\/span><b>47 Anno Domini<\/b><span style=\"font-weight: 400;\">.<\/span><\/p><p><span style=\"font-weight: 400;\">Mais qu\u2019est-ce que le photovolta\u00efque exactement ? Comment cela fonctionne-t-il ?<\/span><\/p><p><span style=\"font-weight: 400;\">Le <\/span><b>photovolta\u00efque<\/b><span style=\"font-weight: 400;\"> est le processus de conversion du rayonnement solaire en \u00e9nergie \u00e9lectrique, qui exploite les propri\u00e9t\u00e9s physiques de certains mat\u00e9riaux semi-conducteurs comme le silicium. Le syst\u00e8me se compose de deux \u00e9l\u00e9ments principaux :<\/span><\/p><p><span style=\"font-weight: 400;\">la cellule : g\u00e9n\u00e9ralement r\u00e9alis\u00e9e en silicium, elle a pour mission de transformer les rayons du soleil en \u00e9lectricit\u00e9 ;<\/span><\/p><p><span style=\"font-weight: 400;\">le module ou panneau : compos\u00e9 de plusieurs cellules assembl\u00e9es entre elles et reli\u00e9es en surface par une grille qui conduit les \u00e9lectrons. Les cellules sont reli\u00e9es entre elles par des rubans m\u00e9talliques, de mani\u00e8re \u00e0 former des s\u00e9ries \u00e9lectriques appropri\u00e9es et ins\u00e9r\u00e9es dans une structure sandwich bi-verre, encadr\u00e9e par des profil\u00e9s m\u00e9talliques.<\/span><\/p><p><span style=\"font-weight: 400;\">L\u2019utilisation de mat\u00e9riaux de premi\u00e8re qualit\u00e9, le suivi constant de l\u2019\u00e9quipement d\u2019une puissance nominale de 80 kW et l\u2019assistance de techniciens qualifi\u00e9s nous permettent de compter sur un syst\u00e8me photovolta\u00efque performant, ce qui nous rend particuli\u00e8rement fiers dans la poursuite de notre <\/span><b>viticulture durable<\/b><span style=\"font-weight: 400;\">.<\/span><\/p><\/div>\n\t\t\t\t<\/div>\n\t\t\t\t<\/div>\n\t\t\t\t<div class=\"elementor-element elementor-element-3fb9989e elementor-aspect-ratio-169 elementor-widget elementor-widget-video\" data-id=\"3fb9989e\" data-element_type=\"widget\" data-settings=\"{&quot;youtube_url&quot;:&quot;https:\\\/\\\/www.youtube.com\\\/watch?v=g1tMy_3P1X8&amp;ab_channel=47AnnoDomini&quot;,&quot;video_type&quot;:&quot;youtube&quot;,&quot;controls&quot;:&quot;yes&quot;,&quot;aspect_ratio&quot;:&quot;169&quot;}\" data-widget_type=\"video.default\">\n\t\t\t\t<div class=\"elementor-widget-container\">\n\t\t\t\t\t<div class=\"elementor-wrapper elementor-fit-aspect-ratio elementor-open-inline\">\n\t\t\t<div class=\"elementor-video\"><\/div>\t\t<\/div>\n\t\t\t\t<\/div>\n\t\t\t\t<\/div>\n\t\t\t\t\t\t<\/div>\n\t\t\t\t\t<\/div>\n\t\t<\/div>\n\t\t\t\t\t\t\t\t<\/div>\n\t\t\t\t\t<\/div>\n\t\t<\/section>\n\t\t\t\t\t\t<\/div>\n\t\t\t\t\t\t<\/div>\n\t\t\t\t\t<\/div>\n\t\t","protected":false},"excerpt":{"rendered":"<p>Les \u00e9conomies d\u2019\u00e9nergie et photovolta\u00efque L\u2019autonomie \u00e9nerg\u00e9tique : nous produisons ce que nous consommons. Saviez-vous que 80 % de l\u2019\u00e9nergie que nous utilisons dans notre entreprise provient d\u2019un syst\u00e8me photovolta\u00efque efficace ? Nous avons install\u00e9 un syst\u00e8me de panneaux solaires comme choix quotidien de durabilit\u00e9, pour nous rapprocher le plus possible du seuil d\u2019autonomie \u00e9nerg\u00e9tique [&hellip;]<\/p>\n","protected":false},"author":6,"featured_media":0,"parent":1587,"menu_order":0,"comment_status":"closed","ping_status":"closed","template":"full-width.php","meta":[],"yoast_head":"<!-- This site is optimized with the Yoast SEO plugin v15.9.2 - https:\/\/yoast.com\/wordpress\/plugins\/seo\/ -->\n<title>Les \u00e9conomies d\u2019\u00e9nergie et photovolta\u00efque - 47 Anno Domini<\/title>\n<meta name=\"description\" content=\"Autosufficienza energetica: grazie a un sistema di pannelli fotovoltaici, produciamo l&#039;80% dell&#039;energia che impieghiamo in azienda.\" \/>\n<link rel=\"canonical\" href=\"https:\/\/www.47annodomini.it\/fr\/stories\/risparmio-energetico-e-fotovoltaico\" \/>\n<meta property=\"og:locale\" content=\"fr_FR\" \/>\n<meta property=\"og:type\" content=\"article\" \/>\n<meta property=\"og:title\" content=\"Les \u00e9conomies d\u2019\u00e9nergie et photovolta\u00efque - 47 Anno Domini\" \/>\n<meta property=\"og:description\" content=\"Autosufficienza energetica: grazie a un sistema di pannelli fotovoltaici, produciamo l&#039;80% dell&#039;energia che impieghiamo in azienda.\" \/>\n<meta property=\"og:url\" content=\"https:\/\/www.47annodomini.it\/stories\/risparmio-energetico-e-fotovoltaico\" \/>\n<meta property=\"og:site_name\" content=\"47 Anno Domini\" \/>\n<meta property=\"article:modified_time\" content=\"2022-10-27T15:40:24+00:00\" \/>\n<meta property=\"og:image\" content=\"https:\/\/www.47annodomini.it\/images\/2021\/12\/fotovoltaico.jpg\" \/>\n<meta name=\"twitter:card\" content=\"summary_large_image\" \/>\n<meta name=\"twitter:label1\" content=\"Dur\u00e9e de lecture est.\">\n\t<meta name=\"twitter:data1\" content=\"2 minutes\">\n<script type=\"application\/ld+json\" class=\"yoast-schema-graph\">{\"@context\":\"https:\/\/schema.org\",\"@graph\":[{\"@type\":\"WebSite\",\"@id\":\"https:\/\/www.47annodomini.it\/#website\",\"url\":\"https:\/\/www.47annodomini.it\/\",\"name\":\"47 Anno Domini\",\"description\":\"Vinicola Tombacco\",\"potentialAction\":[{\"@type\":\"SearchAction\",\"target\":\"https:\/\/www.47annodomini.it\/?s={search_term_string}\",\"query-input\":\"required name=search_term_string\"}],\"inLanguage\":\"fr-FR\"},{\"@type\":\"ImageObject\",\"@id\":\"https:\/\/www.47annodomini.it\/stories\/risparmio-energetico-e-fotovoltaico#primaryimage\",\"inLanguage\":\"fr-FR\",\"url\":\"https:\/\/www.47annodomini.it\/images\/2021\/12\/fotovoltaico.jpg\",\"width\":1920,\"height\":1080,\"caption\":\"Fotovoltaico\"},{\"@type\":\"WebPage\",\"@id\":\"https:\/\/www.47annodomini.it\/stories\/risparmio-energetico-e-fotovoltaico#webpage\",\"url\":\"https:\/\/www.47annodomini.it\/stories\/risparmio-energetico-e-fotovoltaico\",\"name\":\"Les \\u00e9conomies d\\u2019\\u00e9nergie et photovolta\\u00efque - 47 Anno Domini\",\"isPartOf\":{\"@id\":\"https:\/\/www.47annodomini.it\/#website\"},\"primaryImageOfPage\":{\"@id\":\"https:\/\/www.47annodomini.it\/stories\/risparmio-energetico-e-fotovoltaico#primaryimage\"},\"datePublished\":\"2021-12-07T08:27:09+00:00\",\"dateModified\":\"2022-10-27T15:40:24+00:00\",\"description\":\"Autosufficienza energetica: grazie a un sistema di pannelli fotovoltaici, produciamo l'80% dell'energia che impieghiamo in azienda.\",\"breadcrumb\":{\"@id\":\"https:\/\/www.47annodomini.it\/stories\/risparmio-energetico-e-fotovoltaico#breadcrumb\"},\"inLanguage\":\"fr-FR\",\"potentialAction\":[{\"@type\":\"ReadAction\",\"target\":[\"https:\/\/www.47annodomini.it\/stories\/risparmio-energetico-e-fotovoltaico\"]}]},{\"@type\":\"BreadcrumbList\",\"@id\":\"https:\/\/www.47annodomini.it\/stories\/risparmio-energetico-e-fotovoltaico#breadcrumb\",\"itemListElement\":[{\"@type\":\"ListItem\",\"position\":1,\"item\":{\"@type\":\"WebPage\",\"@id\":\"https:\/\/www.47annodomini.it\/\",\"url\":\"https:\/\/www.47annodomini.it\/\",\"name\":\"Home\"}},{\"@type\":\"ListItem\",\"position\":2,\"item\":{\"@type\":\"WebPage\",\"@id\":\"https:\/\/www.47annodomini.it\/stories\",\"url\":\"https:\/\/www.47annodomini.it\/stories\",\"name\":\"Histoires\"}},{\"@type\":\"ListItem\",\"position\":3,\"item\":{\"@type\":\"WebPage\",\"@id\":\"https:\/\/www.47annodomini.it\/stories\/risparmio-energetico-e-fotovoltaico\",\"url\":\"https:\/\/www.47annodomini.it\/stories\/risparmio-energetico-e-fotovoltaico\",\"name\":\"Les \\u00e9conomies d\\u2019\\u00e9nergie et photovolta\\u00efque\"}}]}]}<\/script>\n<!-- \/ Yoast SEO plugin. -->","_links":{"self":[{"href":"https:\/\/www.47annodomini.it\/fr\/wp-json\/wp\/v2\/pages\/2751"}],"collection":[{"href":"https:\/\/www.47annodomini.it\/fr\/wp-json\/wp\/v2\/pages"}],"about":[{"href":"https:\/\/www.47annodomini.it\/fr\/wp-json\/wp\/v2\/types\/page"}],"author":[{"embeddable":true,"href":"https:\/\/www.47annodomini.it\/fr\/wp-json\/wp\/v2\/users\/6"}],"replies":[{"embeddable":true,"href":"https:\/\/www.47annodomini.it\/fr\/wp-json\/wp\/v2\/comments?post=2751"}],"version-history":[{"count":0,"href":"https:\/\/www.47annodomini.it\/fr\/wp-json\/wp\/v2\/pages\/2751\/revisions"}],"up":[{"embeddable":true,"href":"https:\/\/www.47annodomini.it\/fr\/wp-json\/wp\/v2\/pages\/1587"}],"wp:attachment":[{"href":"https:\/\/www.47annodomini.it\/fr\/wp-json\/wp\/v2\/media?parent=2751"}],"curies":[{"name":"wp","href":"https:\/\/api.w.org\/{rel}","templated":true}]}}